{"id":294,"date":"2022-03-05T19:13:00","date_gmt":"2022-03-05T19:13:00","guid":{"rendered":"http:\/\/asbaje.org\/?page_id=294"},"modified":"2022-03-29T02:39:07","modified_gmt":"2022-03-29T02:39:07","slug":"preparacion-a-la-universidad","status":"publish","type":"page","link":"https:\/\/asbaje.org\/index.php\/preparacion-a-la-universidad\/","title":{"rendered":"Preparaci\u00f3n a la Universidad"},"content":{"rendered":"<p>[et_pb_section fb_built=&#8221;1&#8243; inner_shadow=&#8221;on&#8221; prev_background_color=&#8221;#ffffff&#8221; next_background_color=&#8221;#ffffff&#8221; module_id=&#8221;About_Us&#8221; _builder_version=&#8221;4.15&#8243; _module_preset=&#8221;default&#8221; background_color=&#8221;#00457A&#8221; background_image=&#8221;http:\/\/asbaje.org\/wp-content\/uploads\/2022\/03\/Authstone3.jpg&#8221; background_blend=&#8221;soft-light&#8221; min_height=&#8221;257.8px&#8221; custom_padding=&#8221;60px||130px|0px||&#8221; top_divider_style=&#8221;arrow3&#8243; top_divider_height=&#8221;67px&#8221; bottom_divider_style=&#8221;wave2&#8243; bottom_divider_height=&#8221;115px&#8221; locked=&#8221;off&#8221; global_colors_info=&#8221;{}&#8221;][et_pb_row column_structure=&#8221;1_4,1_4,1_4,1_4&#8243; _builder_version=&#8221;4.15&#8243; _module_preset=&#8221;default&#8221; custom_padding=&#8221;||0px|||&#8221; locked=&#8221;off&#8221; global_colors_info=&#8221;{}&#8221;][et_pb_column type=&#8221;1_4&#8243; _builder_version=&#8221;4.15&#8243; _module_preset=&#8221;default&#8221; global_colors_info=&#8221;{}&#8221;][et_pb_image src=&#8221;http:\/\/asbaje.org\/wp-content\/uploads\/2022\/03\/Authstone4.png&#8221; url=&#8221;http:\/\/asbaje.org\/index.php\/home-esp\/&#8221; align=&#8221;center&#8221; _builder_version=&#8221;4.15&#8243; _module_preset=&#8221;default&#8221; global_colors_info=&#8221;{}&#8221;][\/et_pb_image][\/et_pb_column][et_pb_column type=&#8221;1_4&#8243; _builder_version=&#8221;4.15&#8243; _module_preset=&#8221;default&#8221; global_colors_info=&#8221;{}&#8221;][et_pb_text _builder_version=&#8221;4.15&#8243; _module_preset=&#8221;default&#8221; text_text_color=&#8221;#FFFFFF&#8221; text_font_size=&#8221;17px&#8221; link_option_url=&#8221;https:\/\/woolf.university\/colleges\/374ccdd6-ddfc-48de-aead-e157c9128347&#8243; link_option_url_new_window=&#8221;on&#8221; global_colors_info=&#8221;{}&#8221;]<\/p>\n<p style=\"text-align: center;\">Equipo docente<\/p>\n<p>[\/et_pb_text][\/et_pb_column][et_pb_column type=&#8221;1_4&#8243; _builder_version=&#8221;4.15&#8243; _module_preset=&#8221;default&#8221; global_colors_info=&#8221;{}&#8221;][et_pb_text _builder_version=&#8221;4.15&#8243; _module_preset=&#8221;default&#8221; text_text_color=&#8221;#FFFFFF&#8221; text_font_size=&#8221;17px&#8221; link_option_url=&#8221;https:\/\/woolf.university\/colleges\/374ccdd6-ddfc-48de-aead-e157c9128347&#8243; global_colors_info=&#8221;{}&#8221;]<\/p>\n<p style=\"text-align: center;\">Cursos ordinarios<\/p>\n<p>[\/et_pb_text][\/et_pb_column][et_pb_column type=&#8221;1_4&#8243; _builder_version=&#8221;4.15&#8243; _module_preset=&#8221;default&#8221; global_colors_info=&#8221;{}&#8221;][et_pb_text _builder_version=&#8221;4.15&#8243; _module_preset=&#8221;default&#8221; text_text_color=&#8221;#FFFFFF&#8221; text_font_size=&#8221;17px&#8221; link_option_url=&#8221;http:\/\/asbaje.org\/index.php\/cursos-de-verano&#8221; global_colors_info=&#8221;{}&#8221;]<\/p>\n<p style=\"text-align: center;\">Veranos<\/p>\n<p>[\/et_pb_text][\/et_pb_column][\/et_pb_row][\/et_pb_section][et_pb_section fb_built=&#8221;1&#8243; _builder_version=&#8221;4.15.1&#8243; _module_preset=&#8221;default&#8221; custom_padding=&#8221;||3px|||&#8221; global_colors_info=&#8221;{}&#8221;][et_pb_row _builder_version=&#8221;4.15&#8243; _module_preset=&#8221;default&#8221; min_height=&#8221;216px&#8221; global_colors_info=&#8221;{}&#8221;][et_pb_column type=&#8221;4_4&#8243; _builder_version=&#8221;4.15&#8243; _module_preset=&#8221;default&#8221; global_colors_info=&#8221;{}&#8221;][et_pb_text _builder_version=&#8221;4.15&#8243; _module_preset=&#8221;default&#8221; text_font=&#8221;Times New Roman||on||||||&#8221; text_text_color=&#8221;#041e42&#8243; text_font_size=&#8221;34px&#8221; global_colors_info=&#8221;{}&#8221;]<\/p>\n<p>Preparaci\u00f3n para la universidad<\/p>\n<p>[\/et_pb_text][et_pb_text _builder_version=&#8221;4.15&#8243; _module_preset=&#8221;default&#8221; text_font=&#8221;||||||||&#8221; text_text_color=&#8221;#041e42&#8243; text_font_size=&#8221;17px&#8221; global_colors_info=&#8221;{}&#8221;]<\/p>\n<p>Entrar a la universidad que deseas requiere talento y esfuerzo. Pero tambi\u00e9n acompa\u00f1amiento. Nuestro equipo de profesores ya imparte clases o recibi\u00f3 su formaci\u00f3n en las mejores universidades del mundo.<\/p>\n<p>Ponemos a disposici\u00f3n de nuestros estudiantes esa preparaci\u00f3n.<\/p>\n<p>[\/et_pb_text][\/et_pb_column][\/et_pb_row][\/et_pb_section][et_pb_section fb_built=&#8221;1&#8243; fullwidth=&#8221;on&#8221; _builder_version=&#8221;4.15&#8243; _module_preset=&#8221;default&#8221; global_colors_info=&#8221;{}&#8221;][et_pb_fullwidth_image src=&#8221;http:\/\/asbaje.org\/wp-content\/uploads\/2022\/03\/Authstone4.jpg&#8221; title_text=&#8221;Authstone4&#8243; _builder_version=&#8221;4.15&#8243; _module_preset=&#8221;default&#8221; global_colors_info=&#8221;{}&#8221;][\/et_pb_fullwidth_image][\/et_pb_section][et_pb_section fb_built=&#8221;1&#8243; _builder_version=&#8221;4.15&#8243; _module_preset=&#8221;default&#8221; global_colors_info=&#8221;{}&#8221;][et_pb_row _builder_version=&#8221;4.15&#8243; _module_preset=&#8221;default&#8221; locked=&#8221;off&#8221; global_colors_info=&#8221;{}&#8221;][et_pb_column type=&#8221;4_4&#8243; _builder_version=&#8221;4.15&#8243; _module_preset=&#8221;default&#8221; global_colors_info=&#8221;{}&#8221;][et_pb_text _builder_version=&#8221;4.15.1&#8243; _module_preset=&#8221;default&#8221; text_font=&#8221;Times New Roman||on||||||&#8221; text_text_color=&#8221;#041e42&#8243; text_font_size=&#8221;34px&#8221; text_line_height=&#8221;1.8em&#8221; hover_enabled=&#8221;0&#8243; global_colors_info=&#8221;{}&#8221; sticky_enabled=&#8221;0&#8243;]<\/p>\n<p>Virtual Gap Year<\/p>\n<p>[\/et_pb_text][et_pb_text _builder_version=&#8221;4.15&#8243; _module_preset=&#8221;default&#8221; text_font=&#8221;||||||||&#8221; text_text_color=&#8221;#041e42&#8243; text_font_size=&#8221;17px&#8221; global_colors_info=&#8221;{}&#8221;]<\/p>\n<p>El certificado empieza en la segunda mitad de 2022 y te da formaci\u00f3n en cuatro \u00e1reas distintas, indispensables para el mejor desempe\u00f1o en instituciones de excelencia y en tu futuro profesional:<\/p>\n<ul>\n<li>Humanidades y cultura general<\/li>\n<li>Escritura y pensamiento cr\u00edtico<\/li>\n<li>Matem\u00e1ticas y estad\u00edstica<\/li>\n<li>Programaci\u00f3n<\/li>\n<\/ul>\n<p>M\u00e1s que prepararte en t\u00e9cnicas para presentar un examen en particular (SAT, GRE, GMAT, admisi\u00f3n, etc.) estos cursos te dan las habilidades fuertes que cualquier examen estandarizado valora y eval\u00faa.<\/p>\n<p>En un entorno cambiante e incierto como el actual, saber hablar en p\u00fablico, cuestionar la informaci\u00f3n que te llega, escribir bien y tener una mente matem\u00e1tica hace la diferencia en el mercado laboral y en el ecosistema de emprendimiento.<\/p>\n<p>[\/et_pb_text][\/et_pb_column][\/et_pb_row][\/et_pb_section][et_pb_section fb_built=&#8221;1&#8243; fullwidth=&#8221;on&#8221; _builder_version=&#8221;4.15&#8243; _module_preset=&#8221;default&#8221; global_colors_info=&#8221;{}&#8221;][et_pb_fullwidth_image src=&#8221;http:\/\/asbaje.org\/wp-content\/uploads\/2022\/03\/Authstone10.jpg&#8221; title_text=&#8221;Authstone10&#8243; _builder_version=&#8221;4.15&#8243; _module_preset=&#8221;default&#8221; global_colors_info=&#8221;{}&#8221;][\/et_pb_fullwidth_image][\/et_pb_section][et_pb_section fb_built=&#8221;1&#8243; _builder_version=&#8221;4.15&#8243; _module_preset=&#8221;default&#8221; global_colors_info=&#8221;{}&#8221;][et_pb_row _builder_version=&#8221;4.15.1&#8243; _module_preset=&#8221;default&#8221; hover_enabled=&#8221;0&#8243; global_colors_info=&#8221;{}&#8221; sticky_enabled=&#8221;0&#8243;][et_pb_column type=&#8221;4_4&#8243; _builder_version=&#8221;4.15&#8243; _module_preset=&#8221;default&#8221; global_colors_info=&#8221;{}&#8221;][et_pb_text _builder_version=&#8221;4.15&#8243; _module_preset=&#8221;default&#8221; text_font=&#8221;Times New Roman||on||||||&#8221; text_text_color=&#8221;#041e42&#8243; text_font_size=&#8221;34px&#8221; global_colors_info=&#8221;{}&#8221;]<\/p>\n<p>Acreditaci\u00f3n<\/p>\n<p>[\/et_pb_text][et_pb_text _builder_version=&#8221;4.15&#8243; _module_preset=&#8221;default&#8221; text_font=&#8221;||||||||&#8221; text_text_color=&#8221;#041e42&#8243; text_font_size=&#8221;17px&#8221; global_colors_info=&#8221;{}&#8221;]<\/p>\n<p>Adem\u00e1s, nuestros cursos est\u00e1n acreeditados bajo los est\u00e1ndares de la Uni\u00f3n Europea, por lo que es posible que la universidad a la que quieras entrar los cuente para sus propios programas.*<\/p>\n<p>*La decisi\u00f3n de revalidar o no nuestras materias est\u00e1 en las manos de la instituci\u00f3n receptora. Por ello, no garantizamos que puedas revalidar tus estudios del Virtual Gap Year.<\/p>\n<p>[\/et_pb_text][\/et_pb_column][\/et_pb_row][\/et_pb_section][et_pb_section fb_built=&#8221;1&#8243; fullwidth=&#8221;on&#8221; _builder_version=&#8221;4.15&#8243; _module_preset=&#8221;default&#8221; global_colors_info=&#8221;{}&#8221;][et_pb_fullwidth_image src=&#8221;http:\/\/asbaje.org\/wp-content\/uploads\/2022\/03\/Authstone9.jpg&#8221; title_text=&#8221;Authstone9&#8243; _builder_version=&#8221;4.15&#8243; _module_preset=&#8221;default&#8221; global_colors_info=&#8221;{}&#8221;][\/et_pb_fullwidth_image][\/et_pb_section][et_pb_section fb_built=&#8221;1&#8243; _builder_version=&#8221;4.15&#8243; _module_preset=&#8221;default&#8221; global_colors_info=&#8221;{}&#8221;][et_pb_row _builder_version=&#8221;4.15&#8243; _module_preset=&#8221;default&#8221; global_colors_info=&#8221;{}&#8221;][et_pb_column type=&#8221;4_4&#8243; _builder_version=&#8221;4.15&#8243; _module_preset=&#8221;default&#8221; global_colors_info=&#8221;{}&#8221;][et_pb_text _builder_version=&#8221;4.15&#8243; _module_preset=&#8221;default&#8221; text_font=&#8221;Times New Roman||on||||||&#8221; text_text_color=&#8221;#041e42&#8243; text_font_size=&#8221;34px&#8221; global_colors_info=&#8221;{}&#8221;]<\/p>\n<p>Dos semanas intensivas<\/p>\n<p>[\/et_pb_text][et_pb_text _builder_version=&#8221;4.15.1&#8243; _module_preset=&#8221;default&#8221; text_font=&#8221;||||||||&#8221; text_text_color=&#8221;#041e42&#8243; text_font_size=&#8221;17px&#8221; hover_enabled=&#8221;0&#8243; global_colors_info=&#8221;{}&#8221; sticky_enabled=&#8221;0&#8243;]<\/p>\n<p>La modalidad del VGY es en l\u00ednea pues tenemos un alulmnado de una geograf\u00eda diversa. Sin embargo, hay un periodo intensivo de estudio de dos semanas en modo presencial (en San Miguel de Allende o Ciudad de M\u00e9xico), aprovechando los periodos vacacionales estudiantiles.<\/p>\n<p>[\/et_pb_text][\/et_pb_column][\/et_pb_row][\/et_pb_section][et_pb_section fb_built=&#8221;1&#8243; fullwidth=&#8221;on&#8221; _builder_version=&#8221;4.15&#8243; _module_preset=&#8221;default&#8221; global_colors_info=&#8221;{}&#8221;][et_pb_fullwidth_image src=&#8221;http:\/\/asbaje.org\/wp-content\/uploads\/2022\/03\/Authstone11.jpg&#8221; title_text=&#8221;Authstone8&#8243; _builder_version=&#8221;4.15&#8243; _module_preset=&#8221;default&#8221; global_colors_info=&#8221;{}&#8221;][\/et_pb_fullwidth_image][\/et_pb_section]<\/p>\n","protected":false},"excerpt":{"rendered":"<p>Equipo docenteCursos ordinariosVeranosPreparaci\u00f3n para la universidadEntrar a la universidad que deseas requiere talento y esfuerzo. Pero tambi\u00e9n acompa\u00f1amiento. Nuestro equipo de profesores ya imparte clases o recibi\u00f3 su formaci\u00f3n en las mejores universidades del mundo. Ponemos a disposici\u00f3n de nuestros estudiantes esa preparaci\u00f3n.Virtual Gap YearEl certificado empieza en la segunda mitad de 2022 y te [&hellip;]<\/p>\n","protected":false},"author":1,"featured_media":0,"parent":0,"menu_order":0,"comment_status":"closed","ping_status":"closed","template":"","meta":{"_et_pb_use_builder":"on","_et_pb_old_content":"","_et_gb_content_width":""},"_links":{"self":[{"href":"https:\/\/asbaje.org\/index.php\/wp-json\/wp\/v2\/pages\/294"}],"collection":[{"href":"https:\/\/asbaje.org\/index.php\/wp-json\/wp\/v2\/pages"}],"about":[{"href":"https:\/\/asbaje.org\/index.php\/wp-json\/wp\/v2\/types\/page"}],"author":[{"embeddable":true,"href":"https:\/\/asbaje.org\/index.php\/wp-json\/wp\/v2\/users\/1"}],"replies":[{"embeddable":true,"href":"https:\/\/asbaje.org\/index.php\/wp-json\/wp\/v2\/comments?post=294"}],"version-history":[{"count":18,"href":"https:\/\/asbaje.org\/index.php\/wp-json\/wp\/v2\/pages\/294\/revisions"}],"predecessor-version":[{"id":510,"href":"https:\/\/asbaje.org\/index.php\/wp-json\/wp\/v2\/pages\/294\/revisions\/510"}],"wp:attachment":[{"href":"https:\/\/asbaje.org\/index.php\/wp-json\/wp\/v2\/media?parent=294"}],"curies":[{"name":"wp","href":"https:\/\/api.w.org\/{rel}","templated":true}]}}