{"id":296,"date":"2022-03-05T19:15:28","date_gmt":"2022-03-05T19:15:28","guid":{"rendered":"http:\/\/asbaje.org\/?page_id=296"},"modified":"2022-03-07T15:29:02","modified_gmt":"2022-03-07T15:29:02","slug":"cursos-de-verano","status":"publish","type":"page","link":"https:\/\/asbaje.org\/index.php\/cursos-de-verano\/","title":{"rendered":"Cursos de Verano"},"content":{"rendered":"<p>[et_pb_section fb_built=&#8221;1&#8243; inner_shadow=&#8221;on&#8221; prev_background_color=&#8221;#ffffff&#8221; next_background_color=&#8221;#ffffff&#8221; module_id=&#8221;About_Us&#8221; _builder_version=&#8221;4.14.8&#8243; _module_preset=&#8221;default&#8221; background_color=&#8221;#00457A&#8221; background_image=&#8221;http:\/\/asbaje.org\/wp-content\/uploads\/2022\/03\/Authstone1.jpg&#8221; background_position=&#8221;bottom_center&#8221; background_blend=&#8221;soft-light&#8221; custom_padding=&#8221;60px||129px|0px||&#8221; top_divider_style=&#8221;arrow3&#8243; top_divider_height=&#8221;67px&#8221; bottom_divider_style=&#8221;wave2&#8243; bottom_divider_height=&#8221;115px&#8221; global_colors_info=&#8221;{}&#8221;][et_pb_row column_structure=&#8221;1_4,1_4,1_4,1_4&#8243; _builder_version=&#8221;4.14.8&#8243; _module_preset=&#8221;default&#8221; custom_padding=&#8221;||0px|||&#8221; locked=&#8221;off&#8221; global_colors_info=&#8221;{}&#8221;][et_pb_column type=&#8221;1_4&#8243; _builder_version=&#8221;4.14.8&#8243; _module_preset=&#8221;default&#8221; global_colors_info=&#8221;{}&#8221;][et_pb_image src=&#8221;http:\/\/asbaje.org\/wp-content\/uploads\/2022\/03\/Authstone4.png&#8221; url=&#8221;http:\/\/asbaje.org\/index.php\/home-esp\/&#8221; align=&#8221;center&#8221; _builder_version=&#8221;4.14.8&#8243; _module_preset=&#8221;default&#8221; hover_enabled=&#8221;0&#8243; global_colors_info=&#8221;{}&#8221; sticky_enabled=&#8221;0&#8243;][\/et_pb_image][\/et_pb_column][et_pb_column type=&#8221;1_4&#8243; _builder_version=&#8221;4.14.8&#8243; _module_preset=&#8221;default&#8221; global_colors_info=&#8221;{}&#8221;][et_pb_text _builder_version=&#8221;4.14.8&#8243; _module_preset=&#8221;default&#8221; text_text_color=&#8221;#FFFFFF&#8221; text_font_size=&#8221;17px&#8221; link_option_url=&#8221;https:\/\/woolf.university\/colleges\/374ccdd6-ddfc-48de-aead-e157c9128347&#8243; link_option_url_new_window=&#8221;on&#8221; global_colors_info=&#8221;{}&#8221;]<\/p>\n<p style=\"text-align: center;\">Equipo docente<\/p>\n<p>[\/et_pb_text][\/et_pb_column][et_pb_column type=&#8221;1_4&#8243; _builder_version=&#8221;4.14.8&#8243; _module_preset=&#8221;default&#8221; global_colors_info=&#8221;{}&#8221;][et_pb_text _builder_version=&#8221;4.14.8&#8243; _module_preset=&#8221;default&#8221; text_text_color=&#8221;#FFFFFF&#8221; text_font_size=&#8221;17px&#8221; link_option_url=&#8221;https:\/\/woolf.university\/colleges\/374ccdd6-ddfc-48de-aead-e157c9128347&#8243; global_colors_info=&#8221;{}&#8221;]<\/p>\n<p style=\"text-align: center;\">Cursos ordinarios<\/p>\n<p>[\/et_pb_text][\/et_pb_column][et_pb_column type=&#8221;1_4&#8243; _builder_version=&#8221;4.14.8&#8243; _module_preset=&#8221;default&#8221; global_colors_info=&#8221;{}&#8221;][et_pb_text _builder_version=&#8221;4.14.8&#8243; _module_preset=&#8221;default&#8221; text_text_color=&#8221;#FFFFFF&#8221; text_font_size=&#8221;17px&#8221; link_option_url=&#8221;http:\/\/asbaje.org\/index.php\/preparacion-a-la-universidad\/&#8221; global_colors_info=&#8221;{}&#8221;]<\/p>\n<p style=\"text-align: center;\">Preparaci\u00f3n a la Universidad<\/p>\n<p>[\/et_pb_text][\/et_pb_column][\/et_pb_row][\/et_pb_section][et_pb_section fb_built=&#8221;1&#8243; _builder_version=&#8221;4.14.8&#8243; _module_preset=&#8221;default&#8221; custom_padding=&#8221;0px|||||&#8221; global_colors_info=&#8221;{}&#8221;][et_pb_row _builder_version=&#8221;4.14.8&#8243; _module_preset=&#8221;default&#8221; global_colors_info=&#8221;{}&#8221;][et_pb_column type=&#8221;4_4&#8243; _builder_version=&#8221;4.14.8&#8243; _module_preset=&#8221;default&#8221; global_colors_info=&#8221;{}&#8221;][et_pb_text _builder_version=&#8221;4.14.8&#8243; _module_preset=&#8221;default&#8221; text_font=&#8221;Times New Roman||on||||||&#8221; text_text_color=&#8221;#041e42&#8243; text_font_size=&#8221;34px&#8221; global_colors_info=&#8221;{}&#8221;]<\/p>\n<p>Cursos de verano<\/p>\n<p>[\/et_pb_text][et_pb_text _builder_version=&#8221;4.14.8&#8243; _module_preset=&#8221;default&#8221; text_text_color=&#8221;#041e42&#8243; text_font_size=&#8221;17px&#8221; global_colors_info=&#8221;{}&#8221;]<\/p>\n<p style=\"text-align: justify;\"><span style=\"text-decoration: underline;\">Pr\u00f3ximamente publicaremos nuestra oferta educativa para los cursos de verano.<\/span><\/p>\n<p style=\"text-align: justify;\">T\u00edpicamente, los veranos se desarrollan en el mes de Julio, con profesores de las mejores universidades del mundo. Los cursos se imparten en el idioma ingl\u00e9s. El formato es presencial y se trata de dos materias de las ramas jur\u00eddicas (por ahora).<\/p>\n<p style=\"text-align: justify;\">Si tienes inter\u00e9s, debes registrarte en la plataforma de <a href=\"https:\/\/woolf.university\/sign-up\"><strong>\\WOOLF\/ <\/strong><\/a>(si no lo has hecho ya) y <a href=\"https:\/\/woolf.university\/courses\">aplicar al curso respectivo<\/a>.<\/p>\n<p style=\"text-align: justify;\"><strong>A\u00fan no est\u00e1n listados los cursos de verano de este 2022 por parte de Authstone.<\/strong> Los cursos, costos y procesos de aplicaci\u00f3n se anunciar\u00e1n en esta p\u00e1gina.<strong><br \/><\/strong><\/p>\n<p>[\/et_pb_text][\/et_pb_column][\/et_pb_row][\/et_pb_section][et_pb_section fb_built=&#8221;1&#8243; fullwidth=&#8221;on&#8221; _builder_version=&#8221;4.14.8&#8243; _module_preset=&#8221;default&#8221; global_colors_info=&#8221;{}&#8221;][et_pb_fullwidth_image src=&#8221;http:\/\/asbaje.org\/wp-content\/uploads\/2022\/03\/Authstone7.jpg&#8221; _builder_version=&#8221;4.14.8&#8243; _module_preset=&#8221;default&#8221; global_colors_info=&#8221;{}&#8221;][\/et_pb_fullwidth_image][\/et_pb_section]<\/p>\n","protected":false},"excerpt":{"rendered":"<p>Equipo docenteCursos ordinariosPreparaci\u00f3n a la UniversidadCursos de veranoPr\u00f3ximamente publicaremos nuestra oferta educativa para los cursos de verano. T\u00edpicamente, los veranos se desarrollan en el mes de Julio, con profesores de las mejores universidades del mundo. Los cursos se imparten en el idioma ingl\u00e9s. El formato es presencial y se trata de dos materias de las [&hellip;]<\/p>\n","protected":false},"author":1,"featured_media":0,"parent":0,"menu_order":0,"comment_status":"closed","ping_status":"closed","template":"","meta":{"_et_pb_use_builder":"on","_et_pb_old_content":"","_et_gb_content_width":""},"_links":{"self":[{"href":"https:\/\/asbaje.org\/index.php\/wp-json\/wp\/v2\/pages\/296"}],"collection":[{"href":"https:\/\/asbaje.org\/index.php\/wp-json\/wp\/v2\/pages"}],"about":[{"href":"https:\/\/asbaje.org\/index.php\/wp-json\/wp\/v2\/types\/page"}],"author":[{"embeddable":true,"href":"https:\/\/asbaje.org\/index.php\/wp-json\/wp\/v2\/users\/1"}],"replies":[{"embeddable":true,"href":"https:\/\/asbaje.org\/index.php\/wp-json\/wp\/v2\/comments?post=296"}],"version-history":[{"count":11,"href":"https:\/\/asbaje.org\/index.php\/wp-json\/wp\/v2\/pages\/296\/revisions"}],"predecessor-version":[{"id":431,"href":"https:\/\/asbaje.org\/index.php\/wp-json\/wp\/v2\/pages\/296\/revisions\/431"}],"wp:attachment":[{"href":"https:\/\/asbaje.org\/index.php\/wp-json\/wp\/v2\/media?parent=296"}],"curies":[{"name":"wp","href":"https:\/\/api.w.org\/{rel}","templated":true}]}}