{"id":34,"date":"2021-02-01T04:44:20","date_gmt":"2021-02-01T04:44:20","guid":{"rendered":"http:\/\/asbaje.org\/?page_id=34"},"modified":"2022-03-29T02:26:28","modified_gmt":"2022-03-29T02:26:28","slug":"home-esp","status":"publish","type":"page","link":"https:\/\/asbaje.org\/","title":{"rendered":"Home"},"content":{"rendered":"<p>[et_pb_section fb_built=&#8221;1&#8243; _builder_version=&#8221;4.15.1&#8243; _module_preset=&#8221;default&#8221; background_color=&#8221;#FFFFFF&#8221; min_height=&#8221;239px&#8221; custom_padding=&#8221;0px||0px|||&#8221; global_colors_info=&#8221;{}&#8221;][et_pb_row use_custom_gutter=&#8221;on&#8221; gutter_width=&#8221;2&#8243; make_equal=&#8221;on&#8221; _builder_version=&#8221;4.15&#8243; _module_preset=&#8221;default&#8221; custom_padding=&#8221;8px||0px|||&#8221; global_colors_info=&#8221;{}&#8221;][et_pb_column type=&#8221;4_4&#8243; _builder_version=&#8221;4.15&#8243; _module_preset=&#8221;default&#8221; global_colors_info=&#8221;{}&#8221;][et_pb_image src=&#8221;http:\/\/asbaje.org\/wp-content\/uploads\/2022\/03\/Sin-titulo-500-\u00d7-250-px-80-\u00d7-40-px-80-\u00d7-40-px-e1646627719862.png&#8221; title_text=&#8221;English&#8221; url=&#8221;http:\/\/asbaje.org\/index.php\/home-english\/&#8221; align=&#8221;right&#8221; _builder_version=&#8221;4.15&#8243; _module_preset=&#8221;default&#8221; global_colors_info=&#8221;{}&#8221;][\/et_pb_image][et_pb_image src=&#8221;http:\/\/asbaje.org\/wp-content\/uploads\/2022\/03\/asb1.png&#8221; title_text=&#8221;asb(1)&#8221; align=&#8221;center&#8221; _builder_version=&#8221;4.15.1&#8243; _module_preset=&#8221;default&#8221; min_height=&#8221;99px&#8221; custom_margin=&#8221;||-1px|||&#8221; custom_padding=&#8221;5px||22px|||&#8221; global_colors_info=&#8221;{}&#8221;][\/et_pb_image][\/et_pb_column][\/et_pb_row][\/et_pb_section][et_pb_section fb_built=&#8221;1&#8243; inner_shadow=&#8221;on&#8221; prev_background_color=&#8221;#FFFFFF&#8221; next_background_color=&#8221;#002d61&#8243; module_id=&#8221;About_Us&#8221; _builder_version=&#8221;4.15&#8243; _module_preset=&#8221;default&#8221; background_color=&#8221;#00457A&#8221; background_image=&#8221;http:\/\/asbaje.org\/wp-content\/uploads\/2022\/03\/Authstone2.jpg&#8221; background_blend=&#8221;soft-light&#8221; min_height=&#8221;232.6px&#8221; custom_margin=&#8221;-21px|||||&#8221; custom_padding=&#8221;49px||83px|||&#8221; top_divider_style=&#8221;arrow3&#8243; top_divider_height=&#8221;67px&#8221; bottom_divider_style=&#8221;wave2&#8243; bottom_divider_height=&#8221;115px&#8221; global_colors_info=&#8221;{}&#8221;][et_pb_row column_structure=&#8221;1_4,1_4,1_4,1_4&#8243; _builder_version=&#8221;4.15&#8243; _module_preset=&#8221;default&#8221; locked=&#8221;off&#8221; global_colors_info=&#8221;{}&#8221;][et_pb_column type=&#8221;1_4&#8243; _builder_version=&#8221;4.15&#8243; _module_preset=&#8221;default&#8221; global_colors_info=&#8221;{}&#8221;][et_pb_text _builder_version=&#8221;4.15&#8243; _module_preset=&#8221;default&#8221; text_text_color=&#8221;#FFFFFF&#8221; text_font_size=&#8221;17px&#8221; link_option_url=&#8221;https:\/\/woolf.university\/colleges\/374ccdd6-ddfc-48de-aead-e157c9128347&#8243; global_colors_info=&#8221;{}&#8221;]<\/p>\n<p style=\"text-align: center;\">Cursos ordinarios<\/p>\n<p>[\/et_pb_text][\/et_pb_column][et_pb_column type=&#8221;1_4&#8243; _builder_version=&#8221;4.15&#8243; _module_preset=&#8221;default&#8221; global_colors_info=&#8221;{}&#8221;][et_pb_text _builder_version=&#8221;4.15&#8243; _module_preset=&#8221;default&#8221; text_text_color=&#8221;#FFFFFF&#8221; text_font_size=&#8221;17px&#8221; link_option_url=&#8221;http:\/\/asbaje.org\/index.php\/preparacion-a-la-universidad\/&#8221; global_colors_info=&#8221;{}&#8221;]<\/p>\n<p style=\"text-align: center;\">Preparaci\u00f3n a la Universidad<\/p>\n<p>[\/et_pb_text][\/et_pb_column][et_pb_column type=&#8221;1_4&#8243; _builder_version=&#8221;4.15&#8243; _module_preset=&#8221;default&#8221; global_colors_info=&#8221;{}&#8221;][et_pb_text _builder_version=&#8221;4.15&#8243; _module_preset=&#8221;default&#8221; text_text_color=&#8221;#FFFFFF&#8221; text_font_size=&#8221;17px&#8221; link_option_url=&#8221;http:\/\/asbaje.org\/index.php\/cursos-de-verano\/&#8221; global_colors_info=&#8221;{}&#8221;]<\/p>\n<p style=\"text-align: center;\">Veranos<\/p>\n<p>[\/et_pb_text][\/et_pb_column][et_pb_column type=&#8221;1_4&#8243; _builder_version=&#8221;4.15&#8243; _module_preset=&#8221;default&#8221; global_colors_info=&#8221;{}&#8221;][et_pb_text _builder_version=&#8221;4.15&#8243; _module_preset=&#8221;default&#8221; text_text_color=&#8221;#FFFFFF&#8221; text_font_size=&#8221;17px&#8221; link_option_url=&#8221;https:\/\/woolf.university\/colleges\/374ccdd6-ddfc-48de-aead-e157c9128347&#8243; link_option_url_new_window=&#8221;on&#8221; global_colors_info=&#8221;{}&#8221;]<\/p>\n<p style=\"text-align: center;\">Equipo docente<\/p>\n<p>[\/et_pb_text][\/et_pb_column][\/et_pb_row][\/et_pb_section][et_pb_section fb_built=&#8221;1&#8243; fullwidth=&#8221;on&#8221; _builder_version=&#8221;4.15.1&#8243; _module_preset=&#8221;default&#8221; background_color=&#8221;#002d61&#8243; locked=&#8221;off&#8221; global_colors_info=&#8221;{}&#8221;][et_pb_fullwidth_header title=&#8221;Nosotros&#8221; _builder_version=&#8221;4.15&#8243; _module_preset=&#8221;default&#8221; title_font=&#8221;Times New Roman||on||||||&#8221; title_text_color=&#8221;#00457A&#8221; title_font_size=&#8221;40px&#8221; content_text_color=&#8221;#00457A&#8221; content_font_size=&#8221;20px&#8221; content_letter_spacing=&#8221;1px&#8221; content_line_height=&#8221;1.9em&#8221; background_color=&#8221;#FFFFFF&#8221; width=&#8221;100%&#8221; global_colors_info=&#8221;{}&#8221;]<\/p>\n<p style=\"text-align: justify;\">\n<p style=\"text-align: justify;\">\n<p style=\"text-align: justify;\">Asbaje College re\u00fane a los mejores estudiantes y les provee de los mejores profesores.<\/p>\n<p style=\"text-align: justify;\">Por un lado, ofrecemos preparaci\u00f3n y acompa\u00f1amiento a estudiantes que est\u00e1n por entrar a la universidad.<\/p>\n<p style=\"text-align: justify;\"><span style=\"background: transparent none repeat scroll 0% 0%; margin-top: 0pt; margin-bottom: 0pt;\" data-preserver-spaces=\"true\">Por el otro, ofrecemos cursos universitarios con los que nuestros alumnos y alumnas pueden complementar su educaci\u00f3n superior.<\/span><\/p>\n<p style=\"text-align: justify;\"><span style=\"background: transparent none repeat scroll 0% 0%; margin-top: 0pt; margin-bottom: 0pt;\" data-preserver-spaces=\"true\">Somos un colegio miembro de pleno derecho de <a href=\"https:\/\/woolf.university\">Woolf University<\/a>. A trav\u00e9s de Woolf acreeditamos nuestros programas y cursos.<\/span><\/p>\n<p>[\/et_pb_fullwidth_header][\/et_pb_section][et_pb_section fb_built=&#8221;1&#8243; fullwidth=&#8221;on&#8221; _builder_version=&#8221;4.15&#8243; _module_preset=&#8221;default&#8221; global_colors_info=&#8221;{}&#8221;][\/et_pb_section][et_pb_section fb_built=&#8221;1&#8243; fullwidth=&#8221;on&#8221; _builder_version=&#8221;4.15&#8243; _module_preset=&#8221;default&#8221; global_colors_info=&#8221;{}&#8221;][et_pb_fullwidth_image src=&#8221;http:\/\/asbaje.org\/wp-content\/uploads\/2022\/03\/Authstone41.jpg&#8221; _builder_version=&#8221;4.15&#8243; _module_preset=&#8221;default&#8221; global_colors_info=&#8221;{}&#8221;][\/et_pb_fullwidth_image][\/et_pb_section]<\/p>\n","protected":false},"excerpt":{"rendered":"<p>Authstone works with various assessors that have excellent academic credentials, outstanding teaching experience, and have studied in top universities around the world. They also possess relevant knowledge in each of the subject areas, in which we offer accreditation. These people are the \u201cnodes\u201d upon which the whole system relies.<\/p>\n","protected":false},"author":1,"featured_media":23,"parent":0,"menu_order":0,"comment_status":"closed","ping_status":"closed","template":"","meta":{"_et_pb_use_builder":"on","_et_pb_old_content":"","_et_gb_content_width":""},"_links":{"self":[{"href":"https:\/\/asbaje.org\/index.php\/wp-json\/wp\/v2\/pages\/34"}],"collection":[{"href":"https:\/\/asbaje.org\/index.php\/wp-json\/wp\/v2\/pages"}],"about":[{"href":"https:\/\/asbaje.org\/index.php\/wp-json\/wp\/v2\/types\/page"}],"author":[{"embeddable":true,"href":"https:\/\/asbaje.org\/index.php\/wp-json\/wp\/v2\/users\/1"}],"replies":[{"embeddable":true,"href":"https:\/\/asbaje.org\/index.php\/wp-json\/wp\/v2\/comments?post=34"}],"version-history":[{"count":71,"href":"https:\/\/asbaje.org\/index.php\/wp-json\/wp\/v2\/pages\/34\/revisions"}],"predecessor-version":[{"id":508,"href":"https:\/\/asbaje.org\/index.php\/wp-json\/wp\/v2\/pages\/34\/revisions\/508"}],"wp:featuredmedia":[{"embeddable":true,"href":"https:\/\/asbaje.org\/index.php\/wp-json\/wp\/v2\/media\/23"}],"wp:attachment":[{"href":"https:\/\/asbaje.org\/index.php\/wp-json\/wp\/v2\/media?parent=34"}],"curies":[{"name":"wp","href":"https:\/\/api.w.org\/{rel}","templated":true}]}}