{"id":396,"date":"2022-03-07T04:38:21","date_gmt":"2022-03-07T04:38:21","guid":{"rendered":"http:\/\/asbaje.org\/?page_id=396"},"modified":"2022-03-29T02:19:02","modified_gmt":"2022-03-29T02:19:02","slug":"home-english","status":"publish","type":"page","link":"https:\/\/asbaje.org\/index.php\/home-english\/","title":{"rendered":"Home English"},"content":{"rendered":"<p>[et_pb_section fb_built=&#8221;1&#8243; _builder_version=&#8221;4.15.1&#8243; _module_preset=&#8221;default&#8221; background_color=&#8221;#FFFFFF&#8221; min_height=&#8221;239px&#8221; custom_padding=&#8221;0px||0px|||&#8221; global_colors_info=&#8221;{}&#8221;][et_pb_row use_custom_gutter=&#8221;on&#8221; gutter_width=&#8221;2&#8243; make_equal=&#8221;on&#8221; _builder_version=&#8221;4.15&#8243; _module_preset=&#8221;default&#8221; custom_padding=&#8221;8px||0px|||&#8221; global_colors_info=&#8221;{}&#8221;][et_pb_column type=&#8221;4_4&#8243; _builder_version=&#8221;4.15&#8243; _module_preset=&#8221;default&#8221; global_colors_info=&#8221;{}&#8221;][et_pb_image src=&#8221;http:\/\/asbaje.org\/wp-content\/uploads\/2022\/03\/Sin-titulo-500-\u00d7-250-px-80-\u00d7-40-px-e1646629750631.png&#8221; title_text=&#8221;Sin t\u00edtulo (500 \u00d7 250 px) (80 \u00d7 40 px)&#8221; url=&#8221;http:\/\/asbaje.org\/index.php\/home-esp\/&#8221; align=&#8221;right&#8221; _builder_version=&#8221;4.15&#8243; _module_preset=&#8221;default&#8221; global_colors_info=&#8221;{}&#8221;][\/et_pb_image][et_pb_image src=&#8221;http:\/\/asbaje.org\/wp-content\/uploads\/2022\/03\/asb1.png&#8221; title_text=&#8221;Asbaje(2)&#8221; align=&#8221;center&#8221; _builder_version=&#8221;4.15.1&#8243; _module_preset=&#8221;default&#8221; min_height=&#8221;100px&#8221; custom_padding=&#8221;5px||41px|||&#8221; hover_enabled=&#8221;0&#8243; global_colors_info=&#8221;{}&#8221; sticky_enabled=&#8221;0&#8243;][\/et_pb_image][\/et_pb_column][\/et_pb_row][\/et_pb_section][et_pb_section fb_built=&#8221;1&#8243; inner_shadow=&#8221;on&#8221; prev_background_color=&#8221;#FFFFFF&#8221; next_background_color=&#8221;#002d61&#8243; module_id=&#8221;About_Us&#8221; _builder_version=&#8221;4.15&#8243; _module_preset=&#8221;default&#8221; background_color=&#8221;#00457A&#8221; background_image=&#8221;http:\/\/asbaje.org\/wp-content\/uploads\/2022\/03\/Authstone2.jpg&#8221; background_blend=&#8221;soft-light&#8221; custom_margin=&#8221;-21px|||||&#8221; custom_padding=&#8221;49px||83px|||&#8221; top_divider_style=&#8221;arrow3&#8243; top_divider_height=&#8221;67px&#8221; bottom_divider_style=&#8221;wave2&#8243; bottom_divider_height=&#8221;115px&#8221; global_colors_info=&#8221;{}&#8221;][et_pb_row column_structure=&#8221;1_4,1_4,1_4,1_4&#8243; _builder_version=&#8221;4.15&#8243; _module_preset=&#8221;default&#8221; min_height=&#8221;94.8px&#8221; locked=&#8221;off&#8221; global_colors_info=&#8221;{}&#8221;][et_pb_column type=&#8221;1_4&#8243; _builder_version=&#8221;4.15&#8243; _module_preset=&#8221;default&#8221; global_colors_info=&#8221;{}&#8221;][et_pb_text _builder_version=&#8221;4.15&#8243; _module_preset=&#8221;default&#8221; text_text_color=&#8221;#FFFFFF&#8221; text_font_size=&#8221;17px&#8221; min_height=&#8221;26.8px&#8221; link_option_url=&#8221;https:\/\/woolf.university\/colleges\/374ccdd6-ddfc-48de-aead-e157c9128347&#8243; global_colors_info=&#8221;{}&#8221;]<\/p>\n<p style=\"text-align: center;\">Courses and classes<\/p>\n<p>[\/et_pb_text][\/et_pb_column][et_pb_column type=&#8221;1_4&#8243; _builder_version=&#8221;4.15&#8243; _module_preset=&#8221;default&#8221; global_colors_info=&#8221;{}&#8221;][et_pb_text _builder_version=&#8221;4.15&#8243; _module_preset=&#8221;default&#8221; text_text_color=&#8221;#FFFFFF&#8221; text_font_size=&#8221;17px&#8221; link_option_url=&#8221;http:\/\/asbaje.org\/index.php\/intro-to-uni\/&#8221; global_colors_info=&#8221;{}&#8221;]<\/p>\n<p style=\"text-align: center;\">Intro to Uni<\/p>\n<p>[\/et_pb_text][\/et_pb_column][et_pb_column type=&#8221;1_4&#8243; _builder_version=&#8221;4.15&#8243; _module_preset=&#8221;default&#8221; global_colors_info=&#8221;{}&#8221;][et_pb_text _builder_version=&#8221;4.15&#8243; _module_preset=&#8221;default&#8221; text_text_color=&#8221;#FFFFFF&#8221; text_font_size=&#8221;17px&#8221; link_option_url=&#8221;http:\/\/asbaje.org\/index.php\/summer-school&#8221; global_colors_info=&#8221;{}&#8221;]<\/p>\n<p style=\"text-align: center;\">Summer School<\/p>\n<p>[\/et_pb_text][\/et_pb_column][et_pb_column type=&#8221;1_4&#8243; _builder_version=&#8221;4.15&#8243; _module_preset=&#8221;default&#8221; global_colors_info=&#8221;{}&#8221;][et_pb_text _builder_version=&#8221;4.15&#8243; _module_preset=&#8221;default&#8221; text_text_color=&#8221;#FFFFFF&#8221; text_font_size=&#8221;17px&#8221; link_option_url=&#8221;https:\/\/woolf.university\/colleges\/374ccdd6-ddfc-48de-aead-e157c9128347&#8243; link_option_url_new_window=&#8221;on&#8221; global_colors_info=&#8221;{}&#8221;]<\/p>\n<p style=\"text-align: center;\">Our Lecturers<\/p>\n<p>[\/et_pb_text][\/et_pb_column][\/et_pb_row][\/et_pb_section][et_pb_section fb_built=&#8221;1&#8243; fullwidth=&#8221;on&#8221; _builder_version=&#8221;4.15.1&#8243; _module_preset=&#8221;default&#8221; background_color=&#8221;#002d61&#8243; global_colors_info=&#8221;{}&#8221;][et_pb_fullwidth_header title=&#8221;About us&#8221; _builder_version=&#8221;4.15.1&#8243; _module_preset=&#8221;default&#8221; title_font=&#8221;Times New Roman||on||||||&#8221; title_text_color=&#8221;#00457A&#8221; title_font_size=&#8221;40px&#8221; content_text_color=&#8221;#00457A&#8221; content_font_size=&#8221;20px&#8221; content_letter_spacing=&#8221;1px&#8221; content_line_height=&#8221;1.9em&#8221; background_color=&#8221;#FFFFFF&#8221; width=&#8221;100%&#8221; global_colors_info=&#8221;{}&#8221;]<\/p>\n<p style=\"text-align: justify;\">Asbaje College gathers the best students and provides them with the best lecturers.<\/p>\n<p style=\"text-align: justify;\">We offer preparation and follow-up to students about to begin their university education.<\/p>\n<p style=\"text-align: justify;\"><span style=\"background: transparent none repeat scroll 0% 0%; margin-top: 0pt; margin-bottom: 0pt;\" data-preserver-spaces=\"true\">Additionally, we offer university-level courses to complement our student&#8217;s higher education in their chosen degrees.<\/span><\/p>\n<p style=\"color: #0e101a; background: transparent none repeat scroll 0% 0%; margin-top: 0pt; margin-bottom: 0pt; text-align: justify;\"><span style=\"color: #003366;\"><span style=\"background: transparent none repeat scroll 0% 0%; margin-top: 0pt; margin-bottom: 0pt;\" data-preserver-spaces=\"true\">We are a full-member college of\u00a0<\/span><a style=\"background: transparent none repeat scroll 0% 0%; margin-top: 0pt; margin-bottom: 0pt; color: #003366;\" target=\"_blank\" href=\"https:\/\/woolf.university\" class=\"editor-rtfLink\" rel=\"noopener\"><span style=\"background: transparent none repeat scroll 0% 0%; margin-top: 0pt; margin-bottom: 0pt;\" data-preserver-spaces=\"true\">Woolf University<\/span><\/a><span style=\"background: transparent none repeat scroll 0% 0%; margin-top: 0pt; margin-bottom: 0pt;\" data-preserver-spaces=\"true\">. We accredit our courses and programmes through Woolf.<\/span><\/span><\/p>\n<p>[\/et_pb_fullwidth_header][\/et_pb_section][et_pb_section fb_built=&#8221;1&#8243; fullwidth=&#8221;on&#8221; _builder_version=&#8221;4.15&#8243; _module_preset=&#8221;default&#8221; global_colors_info=&#8221;{}&#8221;][et_pb_fullwidth_image src=&#8221;http:\/\/asbaje.org\/wp-content\/uploads\/2022\/03\/Authstone41-e1648497336257.jpg&#8221; _builder_version=&#8221;4.15.1&#8243; _module_preset=&#8221;default&#8221; global_colors_info=&#8221;{}&#8221;][\/et_pb_fullwidth_image][\/et_pb_section]<\/p>\n","protected":false},"excerpt":{"rendered":"<p>Courses and classesIntro to UniSummer SchoolOur LecturersAsbaje College gathers the best students and provides them with the best lecturers. We offer preparation and follow-up to students about to begin their university education. Additionally, we offer university-level courses to complement our student&#8217;s higher education in their chosen degrees. We are a full-member college of\u00a0Woolf University. We [&hellip;]<\/p>\n","protected":false},"author":1,"featured_media":0,"parent":0,"menu_order":0,"comment_status":"closed","ping_status":"closed","template":"","meta":{"_et_pb_use_builder":"on","_et_pb_old_content":"","_et_gb_content_width":""},"_links":{"self":[{"href":"https:\/\/asbaje.org\/index.php\/wp-json\/wp\/v2\/pages\/396"}],"collection":[{"href":"https:\/\/asbaje.org\/index.php\/wp-json\/wp\/v2\/pages"}],"about":[{"href":"https:\/\/asbaje.org\/index.php\/wp-json\/wp\/v2\/types\/page"}],"author":[{"embeddable":true,"href":"https:\/\/asbaje.org\/index.php\/wp-json\/wp\/v2\/users\/1"}],"replies":[{"embeddable":true,"href":"https:\/\/asbaje.org\/index.php\/wp-json\/wp\/v2\/comments?post=396"}],"version-history":[{"count":14,"href":"https:\/\/asbaje.org\/index.php\/wp-json\/wp\/v2\/pages\/396\/revisions"}],"predecessor-version":[{"id":507,"href":"https:\/\/asbaje.org\/index.php\/wp-json\/wp\/v2\/pages\/396\/revisions\/507"}],"wp:attachment":[{"href":"https:\/\/asbaje.org\/index.php\/wp-json\/wp\/v2\/media?parent=396"}],"curies":[{"name":"wp","href":"https:\/\/api.w.org\/{rel}","templated":true}]}}